{"id":342,"date":"2025-09-25T08:58:17","date_gmt":"2025-09-25T12:58:17","guid":{"rendered":"https:\/\/memoria-historiens.com\/contact-us\/"},"modified":"2025-11-12T13:52:32","modified_gmt":"2025-11-12T18:52:32","slug":"contact-us","status":"publish","type":"page","link":"https:\/\/memoria-historiens.com\/en\/contact-us\/","title":{"rendered":"Contact Us"},"content":{"rendered":"<p>[et_pb_section fb_built=&#8221;1&#8243; custom_padding_last_edited=&#8221;on|phone&#8221; _builder_version=&#8221;4.27.4&#8243; _module_preset=&#8221;default&#8221; use_background_color_gradient=&#8221;on&#8221; background_color_gradient_direction=&#8221;90deg&#8221; background_color_gradient_stops=&#8221;rgba(234,222,196,0.58) 0%|rgba(234,222,196,0.79) 45%|rgba(234,222,196,0.5) 100%&#8221; background_color_gradient_overlays_image=&#8221;on&#8221; background_image=&#8221;https:\/\/memoria-historiens.com\/wp-content\/uploads\/2025\/09\/photographie-5.jpg&#8221; background_position=&#8221;bottom_center&#8221; width=&#8221;97%&#8221; width_tablet=&#8221;97%&#8221; width_phone=&#8221;100%&#8221; width_last_edited=&#8221;on|phone&#8221; module_alignment=&#8221;center&#8221; custom_margin=&#8221;0px||||false|false&#8221; custom_padding=&#8221;1%||1%||true|false&#8221; custom_padding_tablet=&#8221;1%||1%||true|false&#8221; custom_padding_phone=&#8221;0%||0%||true|false&#8221; bottom_divider_height=&#8221;36px&#8221; background_last_edited=&#8221;on|phone&#8221; use_background_color_gradient_phone=&#8221;on&#8221; background_color_gradient_stops_phone=&#8221;rgba(234,222,196,0.65) 0%|rgba(234,222,196,0.88) 44%|rgba(234,222,196,0.81) 100%&#8221; global_colors_info=&#8221;{}&#8221;][et_pb_row use_custom_gutter=&#8221;on&#8221; gutter_width=&#8221;2&#8243; make_equal=&#8221;on&#8221; custom_padding_last_edited=&#8221;on|tablet&#8221; _builder_version=&#8221;4.27.4&#8243; _module_preset=&#8221;default&#8221; width=&#8221;100%&#8221; width_tablet=&#8221;100%&#8221; width_phone=&#8221;85%&#8221; width_last_edited=&#8221;on|phone&#8221; max_width=&#8221;100%&#8221; custom_margin=&#8221;0px||||false|false&#8221; custom_padding=&#8221;6%|7%|6%|7%|false|true&#8221; custom_padding_tablet=&#8221;15%||15%||true|true&#8221; custom_padding_phone=&#8221;19%|0px|15%|0px|false|true&#8221; global_colors_info=&#8221;{}&#8221;][et_pb_column type=&#8221;4_4&#8243; _builder_version=&#8221;4.27.4&#8243; _module_preset=&#8221;default&#8221; global_colors_info=&#8221;{}&#8221;][et_pb_text _builder_version=&#8221;4.27.4&#8243; _module_preset=&#8221;default&#8221; header_font=&#8221;|600|||||||&#8221; header_text_align=&#8221;center&#8221; header_font_size=&#8221;3.7vw&#8221; header_2_font=&#8221;|600|||||||&#8221; header_2_text_color=&#8221;#00151F&#8221; header_2_font_size=&#8221;2.5vw&#8221; background_color=&#8221;RGBA(255,255,255,0)&#8221; custom_padding=&#8221;||||true|true&#8221; custom_padding_tablet=&#8221;||||true|true&#8221; custom_padding_phone=&#8221;||||true|true&#8221; custom_padding_last_edited=&#8221;on|phone&#8221; animation_style=&#8221;fade&#8221; animation_direction=&#8221;bottom&#8221; animation_duration=&#8221;600ms&#8221; header_font_size_tablet=&#8221;40px&#8221; header_font_size_phone=&#8221;35px&#8221; header_font_size_last_edited=&#8221;on|tablet&#8221; header_2_font_size_tablet=&#8221;25px&#8221; header_2_font_size_phone=&#8221;35px&#8221; header_2_font_size_last_edited=&#8221;on|tablet&#8221; border_radii=&#8221;on|8px|8px|8px|8px&#8221; global_colors_info=&#8221;{}&#8221;]<\/p>\n<h1>Contact Us<\/h1>\n<p>[\/et_pb_text][\/et_pb_column][\/et_pb_row][\/et_pb_section][et_pb_section fb_built=&#8221;1&#8243; custom_padding_last_edited=&#8221;on|tablet&#8221; _builder_version=&#8221;4.27.4&#8243; _module_preset=&#8221;default&#8221; background_enable_image=&#8221;off&#8221; background_size=&#8221;initial&#8221; background_position=&#8221;bottom_left&#8221; background_horizontal_offset=&#8221;-7%&#8221; background_vertical_offset=&#8221;-28%&#8221; custom_margin=&#8221;||||false|false&#8221; custom_padding=&#8221;6%||6%||false|false&#8221; custom_padding_tablet=&#8221;10%||10%||false|false&#8221; custom_padding_phone=&#8221;12%||14%||false|false&#8221; bottom_divider_color=&#8221;#EADEC4&#8243; bottom_divider_height=&#8221;45px&#8221; global_colors_info=&#8221;{}&#8221;][et_pb_row column_structure=&#8221;1_2,1_2&#8243; use_custom_gutter=&#8221;on&#8221; gutter_width=&#8221;4&#8243; make_equal=&#8221;on&#8221; custom_padding_last_edited=&#8221;on|phone&#8221; _builder_version=&#8221;4.27.4&#8243; _module_preset=&#8221;default&#8221; width_tablet=&#8221;85%&#8221; width_phone=&#8221;85%&#8221; width_last_edited=&#8221;on|tablet&#8221; max_width=&#8221;850px&#8221; max_width_tablet=&#8221;85%&#8221; max_width_phone=&#8221;85%&#8221; max_width_last_edited=&#8221;on|tablet&#8221; custom_padding_tablet=&#8221;0px||0px||false|false&#8221; custom_padding_phone=&#8221;0px||0px||true|false&#8221; global_colors_info=&#8221;{}&#8221;][et_pb_column type=&#8221;1_2&#8243; _builder_version=&#8221;4.27.4&#8243; _module_preset=&#8221;default&#8221; global_colors_info=&#8221;{}&#8221;][et_pb_text _builder_version=&#8221;4.27.4&#8243; _module_preset=&#8221;default&#8221; header_2_font_size=&#8221;2.5vw&#8221; header_3_font=&#8221;||||||||&#8221; header_3_text_color=&#8221;#00151F&#8221; header_3_font_size=&#8221;2.8vw&#8221; max_width_tablet=&#8221;&#8221; max_width_phone=&#8221;&#8221; max_width_last_edited=&#8221;on|desktop&#8221; custom_margin=&#8221;||30px||false|false&#8221; custom_margin_tablet=&#8221;||7%||false|false&#8221; custom_margin_phone=&#8221;||30px||false|false&#8221; custom_margin_last_edited=&#8221;on|phone&#8221; animation_style=&#8221;slide&#8221; animation_direction=&#8221;bottom&#8221; animation_duration=&#8221;600ms&#8221; animation_intensity_slide=&#8221;10%&#8221; header_2_font_size_tablet=&#8221;40px&#8221; header_2_font_size_phone=&#8221;25px&#8221; header_2_font_size_last_edited=&#8221;on|tablet&#8221; header_3_text_align_tablet=&#8221;&#8221; header_3_text_align_phone=&#8221;center&#8221; header_3_text_align_last_edited=&#8221;on|phone&#8221; header_3_font_size_tablet=&#8221;22px&#8221; header_3_font_size_phone=&#8221;19px&#8221; header_3_font_size_last_edited=&#8221;on|tablet&#8221; global_colors_info=&#8221;{}&#8221;]<\/p>\n<h2>Contact details<\/h2>\n<p>[\/et_pb_text][et_pb_text _builder_version=&#8221;4.27.4&#8243; _module_preset=&#8221;default&#8221; text_font=&#8221;|700|||||||&#8221; text_text_color=&#8221;#014466&#8243; custom_margin=&#8221;||0px||false|false&#8221; global_colors_info=&#8221;{}&#8221;]<\/p>\n<p>Address<\/p>\n<p>[\/et_pb_text][et_pb_text _builder_version=&#8221;4.27.4&#8243; _module_preset=&#8221;default&#8221; custom_margin=&#8221;||20px||false|false&#8221; global_colors_info=&#8221;{}&#8221;]<\/p>\n<p>199, chemin Thivierge<br \/>Bonaventure (Qc) G0C 1E0<\/p>\n<p>[\/et_pb_text][et_pb_divider color=&#8221;#D4A953&#8243; divider_weight=&#8221;1px&#8221; _builder_version=&#8221;4.27.4&#8243; _module_preset=&#8221;default&#8221; width=&#8221;60px&#8221; min_height=&#8221;1px&#8221; height=&#8221;1px&#8221; custom_margin=&#8221;||15px||false|false&#8221; module_alignment_tablet=&#8221;&#8221; module_alignment_phone=&#8221;left&#8221; module_alignment_last_edited=&#8221;on|phone&#8221; global_colors_info=&#8221;{}&#8221;][\/et_pb_divider][et_pb_text _builder_version=&#8221;4.27.4&#8243; _module_preset=&#8221;default&#8221; text_font=&#8221;|700|||||||&#8221; text_text_color=&#8221;#014466&#8243; custom_margin=&#8221;50px||0px||false|false&#8221; global_colors_info=&#8221;{}&#8221;]<\/p>\n<p>Phone<\/p>\n<p>[\/et_pb_text][et_pb_text _builder_version=&#8221;4.27.4&#8243; _module_preset=&#8221;default&#8221; custom_margin=&#8221;||20px||false|false&#8221; global_colors_info=&#8221;{}&#8221;]<\/p>\n<p><a href=\"tel:5145246437\">514 524-6437<\/a><\/p>\n<p>[\/et_pb_text][et_pb_divider color=&#8221;#D4A953&#8243; divider_weight=&#8221;1px&#8221; _builder_version=&#8221;4.27.4&#8243; _module_preset=&#8221;default&#8221; width=&#8221;60px&#8221; min_height=&#8221;1px&#8221; height=&#8221;1px&#8221; custom_margin=&#8221;||15px||false|false&#8221; module_alignment_tablet=&#8221;&#8221; module_alignment_phone=&#8221;left&#8221; module_alignment_last_edited=&#8221;on|phone&#8221; global_colors_info=&#8221;{}&#8221;][\/et_pb_divider][et_pb_text _builder_version=&#8221;4.27.4&#8243; _module_preset=&#8221;default&#8221; text_font=&#8221;|700|||||||&#8221; text_text_color=&#8221;#014466&#8243; custom_margin=&#8221;50px||0px||false|false&#8221; global_colors_info=&#8221;{}&#8221;]<\/p>\n<p>Email<\/p>\n<p>[\/et_pb_text][et_pb_text _builder_version=&#8221;4.27.4&#8243; _module_preset=&#8221;default&#8221; custom_margin=&#8221;||20px||false|false&#8221; global_colors_info=&#8221;{}&#8221;]<\/p>\n<p><a href=\"mailto:admin@memoria-historiens.com\">admin@memoria-historiens.com<\/a><\/p>\n<p>[\/et_pb_text][et_pb_divider color=&#8221;#D4A953&#8243; divider_weight=&#8221;1px&#8221; _builder_version=&#8221;4.27.4&#8243; _module_preset=&#8221;default&#8221; width=&#8221;60px&#8221; min_height=&#8221;1px&#8221; height=&#8221;1px&#8221; custom_margin=&#8221;||15px||false|false&#8221; module_alignment_tablet=&#8221;&#8221; module_alignment_phone=&#8221;left&#8221; module_alignment_last_edited=&#8221;on|phone&#8221; global_colors_info=&#8221;{}&#8221;][\/et_pb_divider][\/et_pb_column][et_pb_column type=&#8221;1_2&#8243; _builder_version=&#8221;4.27.4&#8243; _module_preset=&#8221;default&#8221; global_colors_info=&#8221;{}&#8221;][et_pb_text _builder_version=&#8221;4.27.4&#8243; _module_preset=&#8221;default&#8221; header_2_font_size=&#8221;2.5vw&#8221; header_3_font=&#8221;||||||||&#8221; header_3_text_color=&#8221;#00151F&#8221; header_3_font_size=&#8221;2.8vw&#8221; custom_margin=&#8221;||30px||false|false&#8221; custom_margin_tablet=&#8221;12%||7%||false|false&#8221; custom_margin_phone=&#8221;||30px||false|false&#8221; custom_margin_last_edited=&#8221;on|phone&#8221; animation_style=&#8221;slide&#8221; animation_direction=&#8221;bottom&#8221; animation_duration=&#8221;600ms&#8221; animation_intensity_slide=&#8221;10%&#8221; header_2_font_size_tablet=&#8221;40px&#8221; header_2_font_size_phone=&#8221;25px&#8221; header_2_font_size_last_edited=&#8221;on|tablet&#8221; header_3_text_align_tablet=&#8221;&#8221; header_3_text_align_phone=&#8221;center&#8221; header_3_text_align_last_edited=&#8221;on|phone&#8221; header_3_font_size_tablet=&#8221;22px&#8221; header_3_font_size_phone=&#8221;19px&#8221; header_3_font_size_last_edited=&#8221;on|tablet&#8221; global_colors_info=&#8221;{}&#8221;]<\/p>\n<h2>Follow Us<\/h2>\n<p>[\/et_pb_text][et_pb_social_media_follow icon_color=&#8221;#FFFFFF&#8221; use_icon_font_size=&#8221;on&#8221; icon_font_size=&#8221;18px&#8221; _builder_version=&#8221;4.27.4&#8243; _module_preset=&#8221;default&#8221; hover_enabled=&#8221;0&#8243; global_colors_info=&#8221;{}&#8221; sticky_enabled=&#8221;0&#8243;][et_pb_social_media_follow_network social_network=&#8221;linkedin&#8221; _builder_version=&#8221;4.27.4&#8243; _module_preset=&#8221;default&#8221; background_color=&#8221;#014466&#8243; background_enable_color=&#8221;on&#8221; transform_translate_linked__hover=&#8221;off&#8221; hover_enabled=&#8221;0&#8243; border_radii=&#8221;on|50px|50px|50px|50px&#8221; global_colors_info=&#8221;{}&#8221; background__hover_enabled=&#8221;on|desktop&#8221; background_color__hover=&#8221;#D4A953&#8243; background_enable_color__hover=&#8221;on&#8221; transform_styles__hover_enabled=&#8221;on|desktop&#8221; transform_scale__hover_enabled=&#8221;on|desktop&#8221; transform_translate__hover_enabled=&#8221;on|desktop&#8221; transform_rotate__hover_enabled=&#8221;on|desktop&#8221; transform_skew__hover_enabled=&#8221;on|desktop&#8221; transform_origin__hover_enabled=&#8221;on|desktop&#8221; transform_translate__hover=&#8221;0px|-6px&#8221; follow_button=&#8221;off&#8221; url_new_window=&#8221;on&#8221; url=&#8221;https:\/\/www.linkedin.com\/company\/m-moria-historiens\/&#8221; sticky_enabled=&#8221;0&#8243;]linkedin[\/et_pb_social_media_follow_network][et_pb_social_media_follow_network social_network=&#8221;facebook&#8221; _builder_version=&#8221;4.27.4&#8243; _module_preset=&#8221;default&#8221; background_color=&#8221;#014466&#8243; background_enable_color=&#8221;on&#8221; transform_translate_linked__hover=&#8221;off&#8221; border_radii=&#8221;on|50px|50px|50px|50px&#8221; global_colors_info=&#8221;{}&#8221; background__hover_enabled=&#8221;on|hover&#8221; transform_styles__hover_enabled=&#8221;on|hover&#8221; transform_scale__hover_enabled=&#8221;on|desktop&#8221; transform_translate__hover_enabled=&#8221;on|hover&#8221; transform_rotate__hover_enabled=&#8221;on|desktop&#8221; transform_skew__hover_enabled=&#8221;on|desktop&#8221; transform_origin__hover_enabled=&#8221;on|desktop&#8221; transform_translate__hover=&#8221;0px|-6px&#8221; background_color__hover=&#8221;#D4A953&#8243; background_enable_color__hover=&#8221;on&#8221; follow_button=&#8221;off&#8221; url_new_window=&#8221;on&#8221;]facebook[\/et_pb_social_media_follow_network][\/et_pb_social_media_follow][et_pb_divider color=&#8221;#D4A953&#8243; divider_weight=&#8221;1px&#8221; _builder_version=&#8221;4.27.4&#8243; _module_preset=&#8221;default&#8221; width=&#8221;60px&#8221; min_height=&#8221;1px&#8221; height=&#8221;1px&#8221; custom_margin=&#8221;||15px||false|false&#8221; module_alignment_tablet=&#8221;&#8221; module_alignment_phone=&#8221;left&#8221; module_alignment_last_edited=&#8221;on|phone&#8221; global_colors_info=&#8221;{}&#8221;][\/et_pb_divider][\/et_pb_column][\/et_pb_row][\/et_pb_section]<\/p>\n","protected":false},"excerpt":{"rendered":"<p>Contact UsContact detailsAddress199, chemin ThiviergeBonaventure (Qc) G0C 1E0Phone514 524-6437Emailadmin@memoria-historiens.comFollow Us<\/p>\n","protected":false},"author":1,"featured_media":0,"parent":0,"menu_order":0,"comment_status":"closed","ping_status":"closed","template":"","meta":{"_et_pb_use_builder":"on","_et_pb_old_content":"","_et_gb_content_width":"","inline_featured_image":false,"footnotes":""},"class_list":["post-342","page","type-page","status-publish","hentry"],"yoast_head":"<!-- This site is optimized with the Yoast SEO plugin v26.3 - https:\/\/yoast.com\/wordpress\/plugins\/seo\/ -->\n<title>Contact Us - M\u00e9moria Historiens<\/title>\n<meta name=\"robots\" content=\"index, follow, max-snippet:-1, max-image-preview:large, max-video-preview:-1\" \/>\n<link rel=\"canonical\" href=\"https:\/\/memoria-historiens.com\/en\/contact-us\/\" \/>\n<meta property=\"og:locale\" content=\"en_US\" \/>\n<meta property=\"og:type\" content=\"article\" \/>\n<meta property=\"og:title\" content=\"Contact Us - M\u00e9moria Historiens\" \/>\n<meta property=\"og:description\" content=\"Contact UsContact detailsAddress199, chemin ThiviergeBonaventure (Qc) G0C 1E0Phone514 524-6437Emailadmin@memoria-historiens.comFollow Us\" \/>\n<meta property=\"og:url\" content=\"https:\/\/memoria-historiens.com\/en\/contact-us\/\" \/>\n<meta property=\"og:site_name\" content=\"M\u00e9moria Historiens\" \/>\n<meta property=\"article:modified_time\" content=\"2025-11-12T18:52:32+00:00\" \/>\n<meta name=\"twitter:card\" content=\"summary_large_image\" \/>\n<meta name=\"twitter:label1\" content=\"Est. reading time\" \/>\n\t<meta name=\"twitter:data1\" content=\"6 minutes\" \/>\n<script type=\"application\/ld+json\" class=\"yoast-schema-graph\">{\"@context\":\"https:\/\/schema.org\",\"@graph\":[{\"@type\":\"WebPage\",\"@id\":\"https:\/\/memoria-historiens.com\/en\/contact-us\/\",\"url\":\"https:\/\/memoria-historiens.com\/en\/contact-us\/\",\"name\":\"Contact Us - M\u00e9moria Historiens\",\"isPartOf\":{\"@id\":\"https:\/\/memoria-historiens.com\/en\/#website\"},\"datePublished\":\"2025-09-25T12:58:17+00:00\",\"dateModified\":\"2025-11-12T18:52:32+00:00\",\"breadcrumb\":{\"@id\":\"https:\/\/memoria-historiens.com\/en\/contact-us\/#breadcrumb\"},\"inLanguage\":\"en-US\",\"potentialAction\":[{\"@type\":\"ReadAction\",\"target\":[\"https:\/\/memoria-historiens.com\/en\/contact-us\/\"]}]},{\"@type\":\"BreadcrumbList\",\"@id\":\"https:\/\/memoria-historiens.com\/en\/contact-us\/#breadcrumb\",\"itemListElement\":[{\"@type\":\"ListItem\",\"position\":1,\"name\":\"Home\",\"item\":\"https:\/\/memoria-historiens.com\/en\/\"},{\"@type\":\"ListItem\",\"position\":2,\"name\":\"Contact Us\"}]},{\"@type\":\"WebSite\",\"@id\":\"https:\/\/memoria-historiens.com\/en\/#website\",\"url\":\"https:\/\/memoria-historiens.com\/en\/\",\"name\":\"M\u00e9moria Historiens\",\"description\":\"Analyse historique, Recherche en archives et gestion documentaire et Recherches g\u00e9n\u00e9alogiques\",\"publisher\":{\"@id\":\"https:\/\/memoria-historiens.com\/en\/#organization\"},\"potentialAction\":[{\"@type\":\"SearchAction\",\"target\":{\"@type\":\"EntryPoint\",\"urlTemplate\":\"https:\/\/memoria-historiens.com\/en\/?s={search_term_string}\"},\"query-input\":{\"@type\":\"PropertyValueSpecification\",\"valueRequired\":true,\"valueName\":\"search_term_string\"}}],\"inLanguage\":\"en-US\"},{\"@type\":\"Organization\",\"@id\":\"https:\/\/memoria-historiens.com\/en\/#organization\",\"name\":\"M\u00e9moria Historiens\",\"url\":\"https:\/\/memoria-historiens.com\/en\/\",\"logo\":{\"@type\":\"ImageObject\",\"inLanguage\":\"en-US\",\"@id\":\"https:\/\/memoria-historiens.com\/en\/#\/schema\/logo\/image\/\",\"url\":\"https:\/\/memoria-historiens.com\/wp-content\/uploads\/2025\/09\/Logo_MemoriaHistoriens_Couleur.png\",\"contentUrl\":\"https:\/\/memoria-historiens.com\/wp-content\/uploads\/2025\/09\/Logo_MemoriaHistoriens_Couleur.png\",\"width\":748,\"height\":342,\"caption\":\"M\u00e9moria Historiens\"},\"image\":{\"@id\":\"https:\/\/memoria-historiens.com\/en\/#\/schema\/logo\/image\/\"}}]}<\/script>\n<!-- \/ Yoast SEO plugin. -->","yoast_head_json":{"title":"Contact Us - M\u00e9moria Historiens","robots":{"index":"index","follow":"follow","max-snippet":"max-snippet:-1","max-image-preview":"max-image-preview:large","max-video-preview":"max-video-preview:-1"},"canonical":"https:\/\/memoria-historiens.com\/en\/contact-us\/","og_locale":"en_US","og_type":"article","og_title":"Contact Us - M\u00e9moria Historiens","og_description":"Contact UsContact detailsAddress199, chemin ThiviergeBonaventure (Qc) G0C 1E0Phone514 524-6437Emailadmin@memoria-historiens.comFollow Us","og_url":"https:\/\/memoria-historiens.com\/en\/contact-us\/","og_site_name":"M\u00e9moria Historiens","article_modified_time":"2025-11-12T18:52:32+00:00","twitter_card":"summary_large_image","twitter_misc":{"Est. reading time":"6 minutes"},"schema":{"@context":"https:\/\/schema.org","@graph":[{"@type":"WebPage","@id":"https:\/\/memoria-historiens.com\/en\/contact-us\/","url":"https:\/\/memoria-historiens.com\/en\/contact-us\/","name":"Contact Us - M\u00e9moria Historiens","isPartOf":{"@id":"https:\/\/memoria-historiens.com\/en\/#website"},"datePublished":"2025-09-25T12:58:17+00:00","dateModified":"2025-11-12T18:52:32+00:00","breadcrumb":{"@id":"https:\/\/memoria-historiens.com\/en\/contact-us\/#breadcrumb"},"inLanguage":"en-US","potentialAction":[{"@type":"ReadAction","target":["https:\/\/memoria-historiens.com\/en\/contact-us\/"]}]},{"@type":"BreadcrumbList","@id":"https:\/\/memoria-historiens.com\/en\/contact-us\/#breadcrumb","itemListElement":[{"@type":"ListItem","position":1,"name":"Home","item":"https:\/\/memoria-historiens.com\/en\/"},{"@type":"ListItem","position":2,"name":"Contact Us"}]},{"@type":"WebSite","@id":"https:\/\/memoria-historiens.com\/en\/#website","url":"https:\/\/memoria-historiens.com\/en\/","name":"M\u00e9moria Historiens","description":"Analyse historique, Recherche en archives et gestion documentaire et Recherches g\u00e9n\u00e9alogiques","publisher":{"@id":"https:\/\/memoria-historiens.com\/en\/#organization"},"potentialAction":[{"@type":"SearchAction","target":{"@type":"EntryPoint","urlTemplate":"https:\/\/memoria-historiens.com\/en\/?s={search_term_string}"},"query-input":{"@type":"PropertyValueSpecification","valueRequired":true,"valueName":"search_term_string"}}],"inLanguage":"en-US"},{"@type":"Organization","@id":"https:\/\/memoria-historiens.com\/en\/#organization","name":"M\u00e9moria Historiens","url":"https:\/\/memoria-historiens.com\/en\/","logo":{"@type":"ImageObject","inLanguage":"en-US","@id":"https:\/\/memoria-historiens.com\/en\/#\/schema\/logo\/image\/","url":"https:\/\/memoria-historiens.com\/wp-content\/uploads\/2025\/09\/Logo_MemoriaHistoriens_Couleur.png","contentUrl":"https:\/\/memoria-historiens.com\/wp-content\/uploads\/2025\/09\/Logo_MemoriaHistoriens_Couleur.png","width":748,"height":342,"caption":"M\u00e9moria Historiens"},"image":{"@id":"https:\/\/memoria-historiens.com\/en\/#\/schema\/logo\/image\/"}}]}},"_links":{"self":[{"href":"https:\/\/memoria-historiens.com\/en\/wp-json\/wp\/v2\/pages\/342","targetHints":{"allow":["GET"]}}],"collection":[{"href":"https:\/\/memoria-historiens.com\/en\/wp-json\/wp\/v2\/pages"}],"about":[{"href":"https:\/\/memoria-historiens.com\/en\/wp-json\/wp\/v2\/types\/page"}],"author":[{"embeddable":true,"href":"https:\/\/memoria-historiens.com\/en\/wp-json\/wp\/v2\/users\/1"}],"replies":[{"embeddable":true,"href":"https:\/\/memoria-historiens.com\/en\/wp-json\/wp\/v2\/comments?post=342"}],"version-history":[{"count":8,"href":"https:\/\/memoria-historiens.com\/en\/wp-json\/wp\/v2\/pages\/342\/revisions"}],"predecessor-version":[{"id":382,"href":"https:\/\/memoria-historiens.com\/en\/wp-json\/wp\/v2\/pages\/342\/revisions\/382"}],"wp:attachment":[{"href":"https:\/\/memoria-historiens.com\/en\/wp-json\/wp\/v2\/media?parent=342"}],"curies":[{"name":"wp","href":"https:\/\/api.w.org\/{rel}","templated":true}]}}